{"id":10,"date":"2023-03-16T17:11:54","date_gmt":"2023-03-16T16:11:54","guid":{"rendered":"http:\/\/jaimegem.fr\/?page_id=10"},"modified":"2023-04-06T11:05:13","modified_gmt":"2023-04-06T09:05:13","slug":"remboursements_retours","status":"publish","type":"page","link":"https:\/\/jaimegem.fr\/?page_id=10","title":{"rendered":"Conditions g\u00e9n\u00e9rales de vente"},"content":{"rendered":"\n<p><\/p>\n\n\n\n<p><\/p>\n\n\n\n<p>Les pr\u00e9sentes conditions g\u00e9n\u00e9rales de vente (ci-apr\u00e8s les \u00ab\u00a0CGV\u00a0\u00bb) r\u00e9gissent la vente de tous les produits propos\u00e9s sur notre site web J&rsquo;aime Gem&rsquo; (ci-apr\u00e8s le \u00ab\u00a0Site\u00a0\u00bb) par M. LAURENT NOUAZE-PRIET, entrepreneur individuel, immatricul\u00e9 au registre du commerce et des soci\u00e9t\u00e9s de Bobigny sous le num\u00e9ro A 797566676, dont le si\u00e8ge social est situ\u00e9 \u00e0 Villemomble (ci-apr\u00e8s \u00ab\u00a0Nous\u00a0\u00bb ou \u00ab\u00a0Notre\u00a0\u00bb).<\/p>\n\n\n\n<h2 class=\"wp-block-heading\">ARTICLE 1 &#8211; OBJET<\/h2>\n\n\n\n<p>Les pr\u00e9sentes CGV ont pour objet de d\u00e9finir les conditions dans lesquelles Nous vendons nos produits et services sur le Site.<\/p>\n\n\n\n<h2 class=\"wp-block-heading\">ARTICLE 2 &#8211; PRIX<\/h2>\n\n\n\n<p>Les prix de nos produits sont indiqu\u00e9s en euros toutes taxes comprises (TVA et autres taxes applicables au jour de la commande), sauf indication contraire et hors frais de traitement et d&rsquo;exp\u00e9dition, qui sont factur\u00e9s en suppl\u00e9ment et indiqu\u00e9s avant la validation de la commande.<\/p>\n\n\n\n<p>Nous nous r\u00e9servons le droit de modifier les prix de nos produits \u00e0 tout moment, mais les produits seront factur\u00e9s sur la base des tarifs en vigueur au moment de la validation de la commande.<\/p>\n\n\n\n<h2 class=\"wp-block-heading\">ARTICLE 3 &#8211; COMMANDE<\/h2>\n\n\n\n<p>Les commandes sont pass\u00e9es via le Site. La validation de la commande implique l&rsquo;acceptation des pr\u00e9sentes CGV ainsi que des conditions d&rsquo;utilisation du Site.<\/p>\n\n\n\n<p>Les informations contractuelles sont pr\u00e9sent\u00e9es en langue fran\u00e7aise et feront l&rsquo;objet d&rsquo;une confirmation reprenant ces informations contractuelles au plus tard au moment de la livraison.<\/p>\n\n\n\n<p>Nous nous r\u00e9servons le droit de refuser toute commande pour des motifs l\u00e9gitimes et plus particuli\u00e8rement si les quantit\u00e9s command\u00e9es sont anormalement \u00e9lev\u00e9es pour des acheteurs ayant la qualit\u00e9 de consommateurs.<\/p>\n\n\n\n<h2 class=\"wp-block-heading\">ARTICLE 4 &#8211; PAIEMENT<\/h2>\n\n\n\n<p>Le r\u00e8glement de la commande s&rsquo;effectue par carte bancaire ou tout autre moyen de paiement propos\u00e9 sur le Site.<\/p>\n\n\n\n<p>Le paiement est s\u00e9curis\u00e9 et s&rsquo;effectue via une plateforme de paiement en ligne. Nous n&rsquo;avons pas acc\u00e8s aux donn\u00e9es bancaires du client.<\/p>\n\n\n\n<h2 class=\"wp-block-heading\">ARTICLE 5 &#8211; LIVRAISON<\/h2>\n\n\n\n<p>Les produits sont livr\u00e9s \u00e0 l&rsquo;adresse indiqu\u00e9e par le client lors de la commande. Les d\u00e9lais de livraison peuvent varier en fonction du lieu de livraison et de la disponibilit\u00e9 des produits.<\/p>\n\n\n\n<p>Les produits sont livr\u00e9s par voie postale ou par un transporteur choisi par Nous.<\/p>\n\n\n\n<h2 class=\"wp-block-heading\">ARTICLE 6 &#8211; GARANTIES<\/h2>\n\n\n\n<p>Tous nos produits b\u00e9n\u00e9ficient de la garantie l\u00e9gale de conformit\u00e9 et de la garantie des vices cach\u00e9s, pr\u00e9vues par les articles L. 217-4 et suivants du Code de la consommation et les articles 1641 et suivants du Code civil.<\/p>\n\n\n\n<p>En cas de non-conformit\u00e9 d&rsquo;un produit livr\u00e9, il pourra \u00eatre retourn\u00e9, \u00e9chang\u00e9 ou rembours\u00e9 selon les modalit\u00e9s pr\u00e9vues \u00e0 l&rsquo;article 7 ci-dessous.<\/p>\n\n\n\n<h2 class=\"wp-block-heading\">ARTICLE 7 &#8211; DROIT DE RETRACTATION<\/h2>\n\n\n\n<p>Conform\u00e9ment aux dispositions l\u00e9gales en vigueur, le client dispose d&rsquo;un d\u00e9lai de r\u00e9tractation de 14 jours \u00e0 compter de la r\u00e9ception des produits pour exercer son droit de r\u00e9tractation sans avoir \u00e0 justifier de motifs.<\/p>\n","protected":false},"excerpt":{"rendered":"<p>Les pr\u00e9sentes conditions g\u00e9n\u00e9rales de vente (ci-apr\u00e8s les \u00ab\u00a0CGV\u00a0\u00bb) r\u00e9gissent la vente de tous les produits propos\u00e9s sur notre site web J&rsquo;aime Gem&rsquo; (ci-apr\u00e8s le \u00ab\u00a0Site\u00a0\u00bb) par M. LAURENT NOUAZE-PRIET, entrepreneur individuel, immatricul\u00e9 au registre du commerce et des soci\u00e9t\u00e9s de Bobigny sous le num\u00e9ro A 797566676, dont le si\u00e8ge social est situ\u00e9 \u00e0 Villemomble [&hellip;]<\/p>\n","protected":false},"author":1,"featured_media":0,"parent":0,"menu_order":0,"comment_status":"closed","ping_status":"closed","template":"","meta":{"footnotes":""},"class_list":["post-10","page","type-page","status-publish","hentry"],"yoast_head":"<!-- This site is optimized with the Yoast SEO plugin v19.14 - https:\/\/yoast.com\/wordpress\/plugins\/seo\/ -->\n<title>Conditions g\u00e9n\u00e9rales de vente - J&#039;aime Gem&#039;<\/title>\n<meta name=\"robots\" content=\"index, follow, max-snippet:-1, max-image-preview:large, max-video-preview:-1\" \/>\n<link rel=\"canonical\" href=\"https:\/\/jaimegem.fr\/?page_id=10\" \/>\n<meta property=\"og:locale\" content=\"fr_FR\" \/>\n<meta property=\"og:type\" content=\"article\" \/>\n<meta property=\"og:title\" content=\"Conditions g\u00e9n\u00e9rales de vente - J&#039;aime Gem&#039;\" \/>\n<meta property=\"og:description\" content=\"Les pr\u00e9sentes conditions g\u00e9n\u00e9rales de vente (ci-apr\u00e8s les \u00ab\u00a0CGV\u00a0\u00bb) r\u00e9gissent la vente de tous les produits propos\u00e9s sur notre site web J&rsquo;aime Gem&rsquo; (ci-apr\u00e8s le \u00ab\u00a0Site\u00a0\u00bb) par M. LAURENT NOUAZE-PRIET, entrepreneur individuel, immatricul\u00e9 au registre du commerce et des soci\u00e9t\u00e9s de Bobigny sous le num\u00e9ro A 797566676, dont le si\u00e8ge social est situ\u00e9 \u00e0 Villemomble [&hellip;]\" \/>\n<meta property=\"og:url\" content=\"https:\/\/jaimegem.fr\/?page_id=10\" \/>\n<meta property=\"og:site_name\" content=\"J&#039;aime Gem&#039;\" \/>\n<meta property=\"article:modified_time\" content=\"2023-04-06T09:05:13+00:00\" \/>\n<meta name=\"twitter:card\" content=\"summary_large_image\" \/>\n<meta name=\"twitter:label1\" content=\"Dur\u00e9e de lecture estim\u00e9e\" \/>\n\t<meta name=\"twitter:data1\" content=\"3 minutes\" \/>\n<script type=\"application\/ld+json\" class=\"yoast-schema-graph\">{\"@context\":\"https:\/\/schema.org\",\"@graph\":[{\"@type\":\"WebPage\",\"@id\":\"https:\/\/jaimegem.fr\/?page_id=10\",\"url\":\"https:\/\/jaimegem.fr\/?page_id=10\",\"name\":\"Conditions g\u00e9n\u00e9rales de vente - J&#039;aime Gem&#039;\",\"isPartOf\":{\"@id\":\"https:\/\/jaimegem.fr\/#website\"},\"datePublished\":\"2023-03-16T16:11:54+00:00\",\"dateModified\":\"2023-04-06T09:05:13+00:00\",\"breadcrumb\":{\"@id\":\"https:\/\/jaimegem.fr\/?page_id=10#breadcrumb\"},\"inLanguage\":\"fr-FR\",\"potentialAction\":[{\"@type\":\"ReadAction\",\"target\":[\"https:\/\/jaimegem.fr\/?page_id=10\"]}]},{\"@type\":\"BreadcrumbList\",\"@id\":\"https:\/\/jaimegem.fr\/?page_id=10#breadcrumb\",\"itemListElement\":[{\"@type\":\"ListItem\",\"position\":1,\"name\":\"Accueil\",\"item\":\"https:\/\/jaimegem.fr\/\"},{\"@type\":\"ListItem\",\"position\":2,\"name\":\"Conditions g\u00e9n\u00e9rales de vente\"}]},{\"@type\":\"WebSite\",\"@id\":\"https:\/\/jaimegem.fr\/#website\",\"url\":\"https:\/\/jaimegem.fr\/\",\"name\":\"J&#039;aime Gem&#039;\",\"description\":\"Par amour des pierres\",\"publisher\":{\"@id\":\"https:\/\/jaimegem.fr\/#organization\"},\"potentialAction\":[{\"@type\":\"SearchAction\",\"target\":{\"@type\":\"EntryPoint\",\"urlTemplate\":\"https:\/\/jaimegem.fr\/?s={search_term_string}\"},\"query-input\":\"required name=search_term_string\"}],\"inLanguage\":\"fr-FR\"},{\"@type\":\"Organization\",\"@id\":\"https:\/\/jaimegem.fr\/#organization\",\"name\":\"J&#039;aime Gem&#039;\",\"url\":\"https:\/\/jaimegem.fr\/\",\"logo\":{\"@type\":\"ImageObject\",\"inLanguage\":\"fr-FR\",\"@id\":\"https:\/\/jaimegem.fr\/#\/schema\/logo\/image\/\",\"url\":\"https:\/\/jaimegem.fr\/wp-content\/uploads\/2023\/04\/logo-jaimegem-header-2.png\",\"contentUrl\":\"https:\/\/jaimegem.fr\/wp-content\/uploads\/2023\/04\/logo-jaimegem-header-2.png\",\"width\":500,\"height\":129,\"caption\":\"J&#039;aime Gem&#039;\"},\"image\":{\"@id\":\"https:\/\/jaimegem.fr\/#\/schema\/logo\/image\/\"}}]}<\/script>\n<!-- \/ Yoast SEO plugin. -->","yoast_head_json":{"title":"Conditions g\u00e9n\u00e9rales de vente - J&#039;aime Gem&#039;","robots":{"index":"index","follow":"follow","max-snippet":"max-snippet:-1","max-image-preview":"max-image-preview:large","max-video-preview":"max-video-preview:-1"},"canonical":"https:\/\/jaimegem.fr\/?page_id=10","og_locale":"fr_FR","og_type":"article","og_title":"Conditions g\u00e9n\u00e9rales de vente - J&#039;aime Gem&#039;","og_description":"Les pr\u00e9sentes conditions g\u00e9n\u00e9rales de vente (ci-apr\u00e8s les \u00ab\u00a0CGV\u00a0\u00bb) r\u00e9gissent la vente de tous les produits propos\u00e9s sur notre site web J&rsquo;aime Gem&rsquo; (ci-apr\u00e8s le \u00ab\u00a0Site\u00a0\u00bb) par M. LAURENT NOUAZE-PRIET, entrepreneur individuel, immatricul\u00e9 au registre du commerce et des soci\u00e9t\u00e9s de Bobigny sous le num\u00e9ro A 797566676, dont le si\u00e8ge social est situ\u00e9 \u00e0 Villemomble [&hellip;]","og_url":"https:\/\/jaimegem.fr\/?page_id=10","og_site_name":"J&#039;aime Gem&#039;","article_modified_time":"2023-04-06T09:05:13+00:00","twitter_card":"summary_large_image","twitter_misc":{"Dur\u00e9e de lecture estim\u00e9e":"3 minutes"},"schema":{"@context":"https:\/\/schema.org","@graph":[{"@type":"WebPage","@id":"https:\/\/jaimegem.fr\/?page_id=10","url":"https:\/\/jaimegem.fr\/?page_id=10","name":"Conditions g\u00e9n\u00e9rales de vente - J&#039;aime Gem&#039;","isPartOf":{"@id":"https:\/\/jaimegem.fr\/#website"},"datePublished":"2023-03-16T16:11:54+00:00","dateModified":"2023-04-06T09:05:13+00:00","breadcrumb":{"@id":"https:\/\/jaimegem.fr\/?page_id=10#breadcrumb"},"inLanguage":"fr-FR","potentialAction":[{"@type":"ReadAction","target":["https:\/\/jaimegem.fr\/?page_id=10"]}]},{"@type":"BreadcrumbList","@id":"https:\/\/jaimegem.fr\/?page_id=10#breadcrumb","itemListElement":[{"@type":"ListItem","position":1,"name":"Accueil","item":"https:\/\/jaimegem.fr\/"},{"@type":"ListItem","position":2,"name":"Conditions g\u00e9n\u00e9rales de vente"}]},{"@type":"WebSite","@id":"https:\/\/jaimegem.fr\/#website","url":"https:\/\/jaimegem.fr\/","name":"J&#039;aime Gem&#039;","description":"Par amour des pierres","publisher":{"@id":"https:\/\/jaimegem.fr\/#organization"},"potentialAction":[{"@type":"SearchAction","target":{"@type":"EntryPoint","urlTemplate":"https:\/\/jaimegem.fr\/?s={search_term_string}"},"query-input":"required name=search_term_string"}],"inLanguage":"fr-FR"},{"@type":"Organization","@id":"https:\/\/jaimegem.fr\/#organization","name":"J&#039;aime Gem&#039;","url":"https:\/\/jaimegem.fr\/","logo":{"@type":"ImageObject","inLanguage":"fr-FR","@id":"https:\/\/jaimegem.fr\/#\/schema\/logo\/image\/","url":"https:\/\/jaimegem.fr\/wp-content\/uploads\/2023\/04\/logo-jaimegem-header-2.png","contentUrl":"https:\/\/jaimegem.fr\/wp-content\/uploads\/2023\/04\/logo-jaimegem-header-2.png","width":500,"height":129,"caption":"J&#039;aime Gem&#039;"},"image":{"@id":"https:\/\/jaimegem.fr\/#\/schema\/logo\/image\/"}}]}},"_links":{"self":[{"href":"https:\/\/jaimegem.fr\/index.php?rest_route=\/wp\/v2\/pages\/10","targetHints":{"allow":["GET"]}}],"collection":[{"href":"https:\/\/jaimegem.fr\/index.php?rest_route=\/wp\/v2\/pages"}],"about":[{"href":"https:\/\/jaimegem.fr\/index.php?rest_route=\/wp\/v2\/types\/page"}],"author":[{"embeddable":true,"href":"https:\/\/jaimegem.fr\/index.php?rest_route=\/wp\/v2\/users\/1"}],"replies":[{"embeddable":true,"href":"https:\/\/jaimegem.fr\/index.php?rest_route=%2Fwp%2Fv2%2Fcomments&post=10"}],"version-history":[{"count":4,"href":"https:\/\/jaimegem.fr\/index.php?rest_route=\/wp\/v2\/pages\/10\/revisions"}],"predecessor-version":[{"id":578,"href":"https:\/\/jaimegem.fr\/index.php?rest_route=\/wp\/v2\/pages\/10\/revisions\/578"}],"wp:attachment":[{"href":"https:\/\/jaimegem.fr\/index.php?rest_route=%2Fwp%2Fv2%2Fmedia&parent=10"}],"curies":[{"name":"wp","href":"https:\/\/api.w.org\/{rel}","templated":true}]}}