{"id":3,"date":"2023-01-13T15:00:36","date_gmt":"2023-01-13T14:00:36","guid":{"rendered":"http:\/\/jaimegem.fr\/?page_id=3"},"modified":"2023-03-16T18:49:02","modified_gmt":"2023-03-16T17:49:02","slug":"politique-de-confidentialite","status":"publish","type":"page","link":"https:\/\/jaimegem.fr\/?page_id=3","title":{"rendered":"Politique de confidentialit\u00e9"},"content":{"rendered":"\n<h2 class=\"wp-block-heading\">Cookies<\/h2>\n\n\n\n<p>Les cookies sur le site J&rsquo;aime Gem&rsquo; sont g\u00e9r\u00e9s par CookieYes. Vous pouvez enregistrer et modifier vos pr\u00e9f\u00e9rences en termes de cookies en cliquant sur le bouton d\u00e9di\u00e9, ancr\u00e9 en bas \u00e0 gauche du site.<\/p>\n\n\n\n<h2 class=\"wp-block-heading\">Contenu embarqu\u00e9 depuis d\u2019autres sites<\/h2>\n\n\n\n<p>Les articles de ce site peuvent inclure des contenus int\u00e9gr\u00e9s (par exemple des vid\u00e9os, images, articles\u2026). Le contenu int\u00e9gr\u00e9 depuis d\u2019autres sites se comporte de la m\u00eame mani\u00e8re que si le visiteur se rendait sur cet autre site.<\/p>\n\n\n\n<p>Ces sites web pourraient collecter des donn\u00e9es sur vous, utiliser des cookies, embarquer des outils de suivis tiers, suivre vos interactions avec ces contenus embarqu\u00e9s si vous disposez d\u2019un compte connect\u00e9 sur leur site web.<\/p>\n\n\n\n<h2 class=\"wp-block-heading\">Utilisation et transmission de vos donn\u00e9es personnelles<\/h2>\n\n\n\n<p>Si vous demandez une r\u00e9initialisation de votre mot de passe, votre adresse IP sera incluse dans l\u2019e-mail de r\u00e9initialisation.<\/p>\n\n\n\n<h2 class=\"wp-block-heading\">Dur\u00e9es de stockage de vos donn\u00e9es<\/h2>\n\n\n\n<p>Pour les comptes qui s\u2019inscrivent sur notre site (le cas \u00e9ch\u00e9ant), nous stockons les donn\u00e9es personnelles indiqu\u00e9es dans leur profil. Tous les comptes peuvent voir, modifier ou supprimer leurs informations personnelles \u00e0 tout moment (\u00e0 l\u2019exception de leur identifiant). Les gestionnaires du site peuvent aussi voir et modifier ces informations.<\/p>\n\n\n\n<h2 class=\"wp-block-heading\">Les droits que vous avez sur vos donn\u00e9es<\/h2>\n\n\n\n<p>Si vous avez un compte sur le site, vous pouvez demander \u00e0 recevoir un fichier contenant toutes les donn\u00e9es personnelles que nous poss\u00e9dons \u00e0 votre sujet, incluant celles que vous nous avez fournies. Vous pouvez \u00e9galement demander la suppression des donn\u00e9es personnelles vous concernant. Cela ne prend pas en compte les donn\u00e9es stock\u00e9es \u00e0 des fins administratives, l\u00e9gales ou pour des raisons de s\u00e9curit\u00e9.<\/p>\n","protected":false},"excerpt":{"rendered":"<p>Cookies Les cookies sur le site J&rsquo;aime Gem&rsquo; sont g\u00e9r\u00e9s par CookieYes. Vous pouvez enregistrer et modifier vos pr\u00e9f\u00e9rences en termes de cookies en cliquant sur le bouton d\u00e9di\u00e9, ancr\u00e9 en bas \u00e0 gauche du site. Contenu embarqu\u00e9 depuis d\u2019autres sites Les articles de ce site peuvent inclure des contenus int\u00e9gr\u00e9s (par exemple des vid\u00e9os, [&hellip;]<\/p>\n","protected":false},"author":1,"featured_media":0,"parent":0,"menu_order":0,"comment_status":"closed","ping_status":"open","template":"","meta":{"footnotes":""},"class_list":["post-3","page","type-page","status-publish","hentry"],"yoast_head":"<!-- This site is optimized with the Yoast SEO plugin v19.14 - https:\/\/yoast.com\/wordpress\/plugins\/seo\/ -->\n<title>Politique de confidentialit\u00e9 - J&#039;aime Gem&#039;<\/title>\n<meta name=\"robots\" content=\"index, follow, max-snippet:-1, max-image-preview:large, max-video-preview:-1\" \/>\n<link rel=\"canonical\" href=\"https:\/\/jaimegem.fr\/?page_id=3\" \/>\n<meta property=\"og:locale\" content=\"fr_FR\" \/>\n<meta property=\"og:type\" content=\"article\" \/>\n<meta property=\"og:title\" content=\"Politique de confidentialit\u00e9 - J&#039;aime Gem&#039;\" \/>\n<meta property=\"og:description\" content=\"Cookies Les cookies sur le site J&rsquo;aime Gem&rsquo; sont g\u00e9r\u00e9s par CookieYes. Vous pouvez enregistrer et modifier vos pr\u00e9f\u00e9rences en termes de cookies en cliquant sur le bouton d\u00e9di\u00e9, ancr\u00e9 en bas \u00e0 gauche du site. Contenu embarqu\u00e9 depuis d\u2019autres sites Les articles de ce site peuvent inclure des contenus int\u00e9gr\u00e9s (par exemple des vid\u00e9os, [&hellip;]\" \/>\n<meta property=\"og:url\" content=\"https:\/\/jaimegem.fr\/?page_id=3\" \/>\n<meta property=\"og:site_name\" content=\"J&#039;aime Gem&#039;\" \/>\n<meta property=\"article:modified_time\" content=\"2023-03-16T17:49:02+00:00\" \/>\n<meta name=\"twitter:card\" content=\"summary_large_image\" \/>\n<meta name=\"twitter:label1\" content=\"Dur\u00e9e de lecture estim\u00e9e\" \/>\n\t<meta name=\"twitter:data1\" content=\"2 minutes\" \/>\n<script type=\"application\/ld+json\" class=\"yoast-schema-graph\">{\"@context\":\"https:\/\/schema.org\",\"@graph\":[{\"@type\":\"WebPage\",\"@id\":\"https:\/\/jaimegem.fr\/?page_id=3\",\"url\":\"https:\/\/jaimegem.fr\/?page_id=3\",\"name\":\"Politique de confidentialit\u00e9 - J&#039;aime Gem&#039;\",\"isPartOf\":{\"@id\":\"https:\/\/jaimegem.fr\/#website\"},\"datePublished\":\"2023-01-13T14:00:36+00:00\",\"dateModified\":\"2023-03-16T17:49:02+00:00\",\"breadcrumb\":{\"@id\":\"https:\/\/jaimegem.fr\/?page_id=3#breadcrumb\"},\"inLanguage\":\"fr-FR\",\"potentialAction\":[{\"@type\":\"ReadAction\",\"target\":[\"https:\/\/jaimegem.fr\/?page_id=3\"]}]},{\"@type\":\"BreadcrumbList\",\"@id\":\"https:\/\/jaimegem.fr\/?page_id=3#breadcrumb\",\"itemListElement\":[{\"@type\":\"ListItem\",\"position\":1,\"name\":\"Accueil\",\"item\":\"https:\/\/jaimegem.fr\/\"},{\"@type\":\"ListItem\",\"position\":2,\"name\":\"Politique de confidentialit\u00e9\"}]},{\"@type\":\"WebSite\",\"@id\":\"https:\/\/jaimegem.fr\/#website\",\"url\":\"https:\/\/jaimegem.fr\/\",\"name\":\"J&#039;aime Gem&#039;\",\"description\":\"Par amour des pierres\",\"publisher\":{\"@id\":\"https:\/\/jaimegem.fr\/#organization\"},\"potentialAction\":[{\"@type\":\"SearchAction\",\"target\":{\"@type\":\"EntryPoint\",\"urlTemplate\":\"https:\/\/jaimegem.fr\/?s={search_term_string}\"},\"query-input\":\"required name=search_term_string\"}],\"inLanguage\":\"fr-FR\"},{\"@type\":\"Organization\",\"@id\":\"https:\/\/jaimegem.fr\/#organization\",\"name\":\"J&#039;aime Gem&#039;\",\"url\":\"https:\/\/jaimegem.fr\/\",\"logo\":{\"@type\":\"ImageObject\",\"inLanguage\":\"fr-FR\",\"@id\":\"https:\/\/jaimegem.fr\/#\/schema\/logo\/image\/\",\"url\":\"https:\/\/jaimegem.fr\/wp-content\/uploads\/2023\/04\/logo-jaimegem-header-2.png\",\"contentUrl\":\"https:\/\/jaimegem.fr\/wp-content\/uploads\/2023\/04\/logo-jaimegem-header-2.png\",\"width\":500,\"height\":129,\"caption\":\"J&#039;aime Gem&#039;\"},\"image\":{\"@id\":\"https:\/\/jaimegem.fr\/#\/schema\/logo\/image\/\"}}]}<\/script>\n<!-- \/ Yoast SEO plugin. -->","yoast_head_json":{"title":"Politique de confidentialit\u00e9 - J&#039;aime Gem&#039;","robots":{"index":"index","follow":"follow","max-snippet":"max-snippet:-1","max-image-preview":"max-image-preview:large","max-video-preview":"max-video-preview:-1"},"canonical":"https:\/\/jaimegem.fr\/?page_id=3","og_locale":"fr_FR","og_type":"article","og_title":"Politique de confidentialit\u00e9 - J&#039;aime Gem&#039;","og_description":"Cookies Les cookies sur le site J&rsquo;aime Gem&rsquo; sont g\u00e9r\u00e9s par CookieYes. Vous pouvez enregistrer et modifier vos pr\u00e9f\u00e9rences en termes de cookies en cliquant sur le bouton d\u00e9di\u00e9, ancr\u00e9 en bas \u00e0 gauche du site. Contenu embarqu\u00e9 depuis d\u2019autres sites Les articles de ce site peuvent inclure des contenus int\u00e9gr\u00e9s (par exemple des vid\u00e9os, [&hellip;]","og_url":"https:\/\/jaimegem.fr\/?page_id=3","og_site_name":"J&#039;aime Gem&#039;","article_modified_time":"2023-03-16T17:49:02+00:00","twitter_card":"summary_large_image","twitter_misc":{"Dur\u00e9e de lecture estim\u00e9e":"2 minutes"},"schema":{"@context":"https:\/\/schema.org","@graph":[{"@type":"WebPage","@id":"https:\/\/jaimegem.fr\/?page_id=3","url":"https:\/\/jaimegem.fr\/?page_id=3","name":"Politique de confidentialit\u00e9 - J&#039;aime Gem&#039;","isPartOf":{"@id":"https:\/\/jaimegem.fr\/#website"},"datePublished":"2023-01-13T14:00:36+00:00","dateModified":"2023-03-16T17:49:02+00:00","breadcrumb":{"@id":"https:\/\/jaimegem.fr\/?page_id=3#breadcrumb"},"inLanguage":"fr-FR","potentialAction":[{"@type":"ReadAction","target":["https:\/\/jaimegem.fr\/?page_id=3"]}]},{"@type":"BreadcrumbList","@id":"https:\/\/jaimegem.fr\/?page_id=3#breadcrumb","itemListElement":[{"@type":"ListItem","position":1,"name":"Accueil","item":"https:\/\/jaimegem.fr\/"},{"@type":"ListItem","position":2,"name":"Politique de confidentialit\u00e9"}]},{"@type":"WebSite","@id":"https:\/\/jaimegem.fr\/#website","url":"https:\/\/jaimegem.fr\/","name":"J&#039;aime Gem&#039;","description":"Par amour des pierres","publisher":{"@id":"https:\/\/jaimegem.fr\/#organization"},"potentialAction":[{"@type":"SearchAction","target":{"@type":"EntryPoint","urlTemplate":"https:\/\/jaimegem.fr\/?s={search_term_string}"},"query-input":"required name=search_term_string"}],"inLanguage":"fr-FR"},{"@type":"Organization","@id":"https:\/\/jaimegem.fr\/#organization","name":"J&#039;aime Gem&#039;","url":"https:\/\/jaimegem.fr\/","logo":{"@type":"ImageObject","inLanguage":"fr-FR","@id":"https:\/\/jaimegem.fr\/#\/schema\/logo\/image\/","url":"https:\/\/jaimegem.fr\/wp-content\/uploads\/2023\/04\/logo-jaimegem-header-2.png","contentUrl":"https:\/\/jaimegem.fr\/wp-content\/uploads\/2023\/04\/logo-jaimegem-header-2.png","width":500,"height":129,"caption":"J&#039;aime Gem&#039;"},"image":{"@id":"https:\/\/jaimegem.fr\/#\/schema\/logo\/image\/"}}]}},"_links":{"self":[{"href":"https:\/\/jaimegem.fr\/index.php?rest_route=\/wp\/v2\/pages\/3","targetHints":{"allow":["GET"]}}],"collection":[{"href":"https:\/\/jaimegem.fr\/index.php?rest_route=\/wp\/v2\/pages"}],"about":[{"href":"https:\/\/jaimegem.fr\/index.php?rest_route=\/wp\/v2\/types\/page"}],"author":[{"embeddable":true,"href":"https:\/\/jaimegem.fr\/index.php?rest_route=\/wp\/v2\/users\/1"}],"replies":[{"embeddable":true,"href":"https:\/\/jaimegem.fr\/index.php?rest_route=%2Fwp%2Fv2%2Fcomments&post=3"}],"version-history":[{"count":3,"href":"https:\/\/jaimegem.fr\/index.php?rest_route=\/wp\/v2\/pages\/3\/revisions"}],"predecessor-version":[{"id":572,"href":"https:\/\/jaimegem.fr\/index.php?rest_route=\/wp\/v2\/pages\/3\/revisions\/572"}],"wp:attachment":[{"href":"https:\/\/jaimegem.fr\/index.php?rest_route=%2Fwp%2Fv2%2Fmedia&parent=3"}],"curies":[{"name":"wp","href":"https:\/\/api.w.org\/{rel}","templated":true}]}}