{"id":513,"date":"2023-03-16T16:55:17","date_gmt":"2023-03-16T15:55:17","guid":{"rendered":"https:\/\/jaimegem.fr\/?page_id=513"},"modified":"2023-03-16T18:45:17","modified_gmt":"2023-03-16T17:45:17","slug":"mentions-legales","status":"publish","type":"page","link":"https:\/\/jaimegem.fr\/?page_id=513","title":{"rendered":"Mentions l\u00e9gales"},"content":{"rendered":"\n<p><\/p>\n\n\n\n<p><\/p>\n\n\n\n<p>Le pr\u00e9sent site J&rsquo;aime Gem&rsquo; est \u00e9dit\u00e9 par M. LAURENT NOUAZE-PRIET, entrepreneur individuel, immatricul\u00e9 au registre du commerce et des soci\u00e9t\u00e9s de Bobigny sous le num\u00e9ro A 797566676, dont le si\u00e8ge social est situ\u00e9 \u00e0 Villemomble.<\/p>\n\n\n\n<p><strong>Directeur de la publication :<\/strong> M. LAURENT NOUAZE-PRIET<\/p>\n\n\n\n<p><strong>Adresse e-mail :<\/strong> contact@jaimegem.fr<\/p>\n\n\n\n<p><strong>H\u00e9bergeur :<\/strong> <a href=\"http:\/\/www.ovh.com\" target=\"_blank\" rel=\"noreferrer noopener\">OVH<\/a>, SAS au capital de 10 069 020 \u20ac, immatricul\u00e9e au registre du commerce et des soci\u00e9t\u00e9s de Lille M\u00e9tropole sous le num\u00e9ro 424 761 419 00045, dont le si\u00e8ge social est situ\u00e9 au 2 rue Kellermann &#8211; 59100 Roubaix &#8211; France.<\/p>\n\n\n\n<p><strong>Conditions g\u00e9n\u00e9rales de vente :<\/strong> <a href=\"https:\/\/jaimegem.fr\/?page_id=10\">voir nos CGV<\/a><\/p>\n\n\n\n<p><strong>Propri\u00e9t\u00e9 intellectuelle :<\/strong> Tous les \u00e9l\u00e9ments du pr\u00e9sent site, qu&rsquo;ils soient visuels ou sonores, y compris la technologie sous-jacente, sont prot\u00e9g\u00e9s par le droit d&rsquo;auteur, des marques ou des brevets. Ils sont la propri\u00e9t\u00e9 exclusive de J&rsquo;aime Gem&rsquo; ou de ses partenaires. Toute reproduction, repr\u00e9sentation ou diffusion, totale ou partielle, du contenu de ce site, sur quelque support ou par quelque proc\u00e9d\u00e9 que ce soit, sans l&rsquo;autorisation expresse de J&rsquo;aime Gem&rsquo;, est interdite et constitutive de contrefa\u00e7on sanctionn\u00e9e par les articles L.335-2 et suivants du Code de la propri\u00e9t\u00e9 intellectuelle.<\/p>\n\n\n\n<p><strong>Protection des donn\u00e9es personnelles :<\/strong> <a href=\"https:\/\/jaimegem.fr\/?page_id=3\">Voir notre politique de confidentialit\u00e9<\/a><\/p>\n\n\n\n<p><strong>Cookies :<\/strong> les cookies sur le site J&rsquo;aime Gem&rsquo; sont g\u00e9r\u00e9s par CookieYes. Vous pouvez enregistrer et modifier vos pr\u00e9f\u00e9rences en termes de cookies en cliquant sur le bouton d\u00e9di\u00e9, ancr\u00e9 en bas \u00e0 gauche du site.<\/p>\n\n\n\n<p><strong>Loi applicable et juridiction comp\u00e9tente :<\/strong> Tout litige en relation avec l&rsquo;utilisation du pr\u00e9sent site est soumis au droit fran\u00e7ais. Il est fait attribution exclusive de juridiction aux tribunaux comp\u00e9tents de Villemomble.<\/p>\n\n\n\n<p>Nous esp\u00e9rons que ces informations vous ont \u00e9t\u00e9 utiles. N&rsquo;h\u00e9sitez pas \u00e0 nous contacter si vous avez des questions ou des commentaires concernant notre site ou nos produits.<\/p>\n","protected":false},"excerpt":{"rendered":"<p>Le pr\u00e9sent site J&rsquo;aime Gem&rsquo; est \u00e9dit\u00e9 par M. LAURENT NOUAZE-PRIET, entrepreneur individuel, immatricul\u00e9 au registre du commerce et des soci\u00e9t\u00e9s de Bobigny sous le num\u00e9ro A 797566676, dont le si\u00e8ge social est situ\u00e9 \u00e0 Villemomble. Directeur de la publication : M. LAURENT NOUAZE-PRIET Adresse e-mail : contact@jaimegem.fr H\u00e9bergeur : OVH, SAS au capital de [&hellip;]<\/p>\n","protected":false},"author":1,"featured_media":0,"parent":0,"menu_order":0,"comment_status":"closed","ping_status":"closed","template":"","meta":{"footnotes":""},"class_list":["post-513","page","type-page","status-publish","hentry"],"yoast_head":"<!-- This site is optimized with the Yoast SEO plugin v19.14 - https:\/\/yoast.com\/wordpress\/plugins\/seo\/ -->\n<title>Mentions l\u00e9gales - J&#039;aime Gem&#039;<\/title>\n<meta name=\"robots\" content=\"index, follow, max-snippet:-1, max-image-preview:large, max-video-preview:-1\" \/>\n<link rel=\"canonical\" href=\"https:\/\/jaimegem.fr\/?page_id=513\" \/>\n<meta property=\"og:locale\" content=\"fr_FR\" \/>\n<meta property=\"og:type\" content=\"article\" \/>\n<meta property=\"og:title\" content=\"Mentions l\u00e9gales - J&#039;aime Gem&#039;\" \/>\n<meta property=\"og:description\" content=\"Le pr\u00e9sent site J&rsquo;aime Gem&rsquo; est \u00e9dit\u00e9 par M. LAURENT NOUAZE-PRIET, entrepreneur individuel, immatricul\u00e9 au registre du commerce et des soci\u00e9t\u00e9s de Bobigny sous le num\u00e9ro A 797566676, dont le si\u00e8ge social est situ\u00e9 \u00e0 Villemomble. Directeur de la publication : M. LAURENT NOUAZE-PRIET Adresse e-mail : contact@jaimegem.fr H\u00e9bergeur : OVH, SAS au capital de [&hellip;]\" \/>\n<meta property=\"og:url\" content=\"https:\/\/jaimegem.fr\/?page_id=513\" \/>\n<meta property=\"og:site_name\" content=\"J&#039;aime Gem&#039;\" \/>\n<meta property=\"article:modified_time\" content=\"2023-03-16T17:45:17+00:00\" \/>\n<meta name=\"twitter:card\" content=\"summary_large_image\" \/>\n<meta name=\"twitter:label1\" content=\"Dur\u00e9e de lecture estim\u00e9e\" \/>\n\t<meta name=\"twitter:data1\" content=\"2 minutes\" \/>\n<script type=\"application\/ld+json\" class=\"yoast-schema-graph\">{\"@context\":\"https:\/\/schema.org\",\"@graph\":[{\"@type\":\"WebPage\",\"@id\":\"https:\/\/jaimegem.fr\/?page_id=513\",\"url\":\"https:\/\/jaimegem.fr\/?page_id=513\",\"name\":\"Mentions l\u00e9gales - J&#039;aime Gem&#039;\",\"isPartOf\":{\"@id\":\"https:\/\/jaimegem.fr\/#website\"},\"datePublished\":\"2023-03-16T15:55:17+00:00\",\"dateModified\":\"2023-03-16T17:45:17+00:00\",\"breadcrumb\":{\"@id\":\"https:\/\/jaimegem.fr\/?page_id=513#breadcrumb\"},\"inLanguage\":\"fr-FR\",\"potentialAction\":[{\"@type\":\"ReadAction\",\"target\":[\"https:\/\/jaimegem.fr\/?page_id=513\"]}]},{\"@type\":\"BreadcrumbList\",\"@id\":\"https:\/\/jaimegem.fr\/?page_id=513#breadcrumb\",\"itemListElement\":[{\"@type\":\"ListItem\",\"position\":1,\"name\":\"Accueil\",\"item\":\"https:\/\/jaimegem.fr\/\"},{\"@type\":\"ListItem\",\"position\":2,\"name\":\"Mentions l\u00e9gales\"}]},{\"@type\":\"WebSite\",\"@id\":\"https:\/\/jaimegem.fr\/#website\",\"url\":\"https:\/\/jaimegem.fr\/\",\"name\":\"J&#039;aime Gem&#039;\",\"description\":\"Par amour des pierres\",\"publisher\":{\"@id\":\"https:\/\/jaimegem.fr\/#organization\"},\"potentialAction\":[{\"@type\":\"SearchAction\",\"target\":{\"@type\":\"EntryPoint\",\"urlTemplate\":\"https:\/\/jaimegem.fr\/?s={search_term_string}\"},\"query-input\":\"required name=search_term_string\"}],\"inLanguage\":\"fr-FR\"},{\"@type\":\"Organization\",\"@id\":\"https:\/\/jaimegem.fr\/#organization\",\"name\":\"J&#039;aime Gem&#039;\",\"url\":\"https:\/\/jaimegem.fr\/\",\"logo\":{\"@type\":\"ImageObject\",\"inLanguage\":\"fr-FR\",\"@id\":\"https:\/\/jaimegem.fr\/#\/schema\/logo\/image\/\",\"url\":\"https:\/\/jaimegem.fr\/wp-content\/uploads\/2023\/04\/logo-jaimegem-header-2.png\",\"contentUrl\":\"https:\/\/jaimegem.fr\/wp-content\/uploads\/2023\/04\/logo-jaimegem-header-2.png\",\"width\":500,\"height\":129,\"caption\":\"J&#039;aime Gem&#039;\"},\"image\":{\"@id\":\"https:\/\/jaimegem.fr\/#\/schema\/logo\/image\/\"}}]}<\/script>\n<!-- \/ Yoast SEO plugin. -->","yoast_head_json":{"title":"Mentions l\u00e9gales - J&#039;aime Gem&#039;","robots":{"index":"index","follow":"follow","max-snippet":"max-snippet:-1","max-image-preview":"max-image-preview:large","max-video-preview":"max-video-preview:-1"},"canonical":"https:\/\/jaimegem.fr\/?page_id=513","og_locale":"fr_FR","og_type":"article","og_title":"Mentions l\u00e9gales - J&#039;aime Gem&#039;","og_description":"Le pr\u00e9sent site J&rsquo;aime Gem&rsquo; est \u00e9dit\u00e9 par M. LAURENT NOUAZE-PRIET, entrepreneur individuel, immatricul\u00e9 au registre du commerce et des soci\u00e9t\u00e9s de Bobigny sous le num\u00e9ro A 797566676, dont le si\u00e8ge social est situ\u00e9 \u00e0 Villemomble. Directeur de la publication : M. LAURENT NOUAZE-PRIET Adresse e-mail : contact@jaimegem.fr H\u00e9bergeur : OVH, SAS au capital de [&hellip;]","og_url":"https:\/\/jaimegem.fr\/?page_id=513","og_site_name":"J&#039;aime Gem&#039;","article_modified_time":"2023-03-16T17:45:17+00:00","twitter_card":"summary_large_image","twitter_misc":{"Dur\u00e9e de lecture estim\u00e9e":"2 minutes"},"schema":{"@context":"https:\/\/schema.org","@graph":[{"@type":"WebPage","@id":"https:\/\/jaimegem.fr\/?page_id=513","url":"https:\/\/jaimegem.fr\/?page_id=513","name":"Mentions l\u00e9gales - J&#039;aime Gem&#039;","isPartOf":{"@id":"https:\/\/jaimegem.fr\/#website"},"datePublished":"2023-03-16T15:55:17+00:00","dateModified":"2023-03-16T17:45:17+00:00","breadcrumb":{"@id":"https:\/\/jaimegem.fr\/?page_id=513#breadcrumb"},"inLanguage":"fr-FR","potentialAction":[{"@type":"ReadAction","target":["https:\/\/jaimegem.fr\/?page_id=513"]}]},{"@type":"BreadcrumbList","@id":"https:\/\/jaimegem.fr\/?page_id=513#breadcrumb","itemListElement":[{"@type":"ListItem","position":1,"name":"Accueil","item":"https:\/\/jaimegem.fr\/"},{"@type":"ListItem","position":2,"name":"Mentions l\u00e9gales"}]},{"@type":"WebSite","@id":"https:\/\/jaimegem.fr\/#website","url":"https:\/\/jaimegem.fr\/","name":"J&#039;aime Gem&#039;","description":"Par amour des pierres","publisher":{"@id":"https:\/\/jaimegem.fr\/#organization"},"potentialAction":[{"@type":"SearchAction","target":{"@type":"EntryPoint","urlTemplate":"https:\/\/jaimegem.fr\/?s={search_term_string}"},"query-input":"required name=search_term_string"}],"inLanguage":"fr-FR"},{"@type":"Organization","@id":"https:\/\/jaimegem.fr\/#organization","name":"J&#039;aime Gem&#039;","url":"https:\/\/jaimegem.fr\/","logo":{"@type":"ImageObject","inLanguage":"fr-FR","@id":"https:\/\/jaimegem.fr\/#\/schema\/logo\/image\/","url":"https:\/\/jaimegem.fr\/wp-content\/uploads\/2023\/04\/logo-jaimegem-header-2.png","contentUrl":"https:\/\/jaimegem.fr\/wp-content\/uploads\/2023\/04\/logo-jaimegem-header-2.png","width":500,"height":129,"caption":"J&#039;aime Gem&#039;"},"image":{"@id":"https:\/\/jaimegem.fr\/#\/schema\/logo\/image\/"}}]}},"_links":{"self":[{"href":"https:\/\/jaimegem.fr\/index.php?rest_route=\/wp\/v2\/pages\/513","targetHints":{"allow":["GET"]}}],"collection":[{"href":"https:\/\/jaimegem.fr\/index.php?rest_route=\/wp\/v2\/pages"}],"about":[{"href":"https:\/\/jaimegem.fr\/index.php?rest_route=\/wp\/v2\/types\/page"}],"author":[{"embeddable":true,"href":"https:\/\/jaimegem.fr\/index.php?rest_route=\/wp\/v2\/users\/1"}],"replies":[{"embeddable":true,"href":"https:\/\/jaimegem.fr\/index.php?rest_route=%2Fwp%2Fv2%2Fcomments&post=513"}],"version-history":[{"count":8,"href":"https:\/\/jaimegem.fr\/index.php?rest_route=\/wp\/v2\/pages\/513\/revisions"}],"predecessor-version":[{"id":570,"href":"https:\/\/jaimegem.fr\/index.php?rest_route=\/wp\/v2\/pages\/513\/revisions\/570"}],"wp:attachment":[{"href":"https:\/\/jaimegem.fr\/index.php?rest_route=%2Fwp%2Fv2%2Fmedia&parent=513"}],"curies":[{"name":"wp","href":"https:\/\/api.w.org\/{rel}","templated":true}]}}