{"id":799,"date":"2023-05-01T18:08:26","date_gmt":"2023-05-01T16:08:26","guid":{"rendered":"https:\/\/jaimegem.fr\/?post_type=product&#038;p=799"},"modified":"2023-05-01T18:08:26","modified_gmt":"2023-05-01T16:08:26","slug":"violet-en-degrade-b-o","status":"publish","type":"product","link":"https:\/\/jaimegem.fr\/?product=violet-en-degrade-b-o","title":{"rendered":"Violet en d\u00e9grad\u00e9 &#8211; B.o"},"content":{"rendered":"<p>En partant du crochet\u00a0 : trois perles de super-seven, une am\u00e9thyste facett\u00e9e, puis une autre perle d&rsquo;am\u00e9thyste<\/p>\n","protected":false},"excerpt":{"rendered":"<p>Violet, rose pale, parme<\/p>\n","protected":false},"featured_media":800,"template":"","meta":[],"product_cat":[16],"product_tag":[],"class_list":{"0":"post-799","1":"product","2":"type-product","3":"status-publish","4":"has-post-thumbnail","6":"product_cat-boucles-doreille","8":"first","9":"instock","10":"taxable","11":"shipping-taxable","12":"purchasable","13":"product-type-simple"},"yoast_head":"<!-- This site is optimized with the Yoast SEO plugin v19.14 - https:\/\/yoast.com\/wordpress\/plugins\/seo\/ -->\n<title>Violet en d\u00e9grad\u00e9 - B.o - J&#039;aime Gem&#039;<\/title>\n<meta name=\"robots\" content=\"index, follow, max-snippet:-1, max-image-preview:large, max-video-preview:-1\" \/>\n<link rel=\"canonical\" href=\"https:\/\/jaimegem.fr\/?product=violet-en-degrade-b-o\" \/>\n<meta property=\"og:locale\" content=\"fr_FR\" \/>\n<meta property=\"og:type\" content=\"article\" \/>\n<meta property=\"og:title\" content=\"Violet en d\u00e9grad\u00e9 - B.o - J&#039;aime Gem&#039;\" \/>\n<meta property=\"og:description\" content=\"Violet, rose pale, parme\" \/>\n<meta property=\"og:url\" content=\"https:\/\/jaimegem.fr\/?product=violet-en-degrade-b-o\" \/>\n<meta property=\"og:site_name\" content=\"J&#039;aime Gem&#039;\" \/>\n<meta property=\"og:image\" content=\"https:\/\/jaimegem.fr\/wp-content\/uploads\/2023\/05\/20230501_111436-scaled.jpg\" \/>\n\t<meta property=\"og:image:width\" content=\"1920\" \/>\n\t<meta property=\"og:image:height\" content=\"2560\" \/>\n\t<meta property=\"og:image:type\" content=\"image\/jpeg\" \/>\n<meta name=\"twitter:card\" content=\"summary_large_image\" \/>\n<script type=\"application\/ld+json\" class=\"yoast-schema-graph\">{\"@context\":\"https:\/\/schema.org\",\"@graph\":[{\"@type\":\"WebPage\",\"@id\":\"https:\/\/jaimegem.fr\/?product=violet-en-degrade-b-o\",\"url\":\"https:\/\/jaimegem.fr\/?product=violet-en-degrade-b-o\",\"name\":\"Violet en d\u00e9grad\u00e9 - B.o - J&#039;aime Gem&#039;\",\"isPartOf\":{\"@id\":\"https:\/\/jaimegem.fr\/#website\"},\"datePublished\":\"2023-05-01T16:08:26+00:00\",\"dateModified\":\"2023-05-01T16:08:26+00:00\",\"breadcrumb\":{\"@id\":\"https:\/\/jaimegem.fr\/?product=violet-en-degrade-b-o#breadcrumb\"},\"inLanguage\":\"fr-FR\",\"potentialAction\":[{\"@type\":\"ReadAction\",\"target\":[\"https:\/\/jaimegem.fr\/?product=violet-en-degrade-b-o\"]}]},{\"@type\":\"BreadcrumbList\",\"@id\":\"https:\/\/jaimegem.fr\/?product=violet-en-degrade-b-o#breadcrumb\",\"itemListElement\":[{\"@type\":\"ListItem\",\"position\":1,\"name\":\"Accueil\",\"item\":\"https:\/\/jaimegem.fr\/\"},{\"@type\":\"ListItem\",\"position\":2,\"name\":\"Boutique\",\"item\":\"https:\/\/jaimegem.fr\/?page_id=6\"},{\"@type\":\"ListItem\",\"position\":3,\"name\":\"Violet en d\u00e9grad\u00e9 &#8211; B.o\"}]},{\"@type\":\"WebSite\",\"@id\":\"https:\/\/jaimegem.fr\/#website\",\"url\":\"https:\/\/jaimegem.fr\/\",\"name\":\"J&#039;aime Gem&#039;\",\"description\":\"Par amour des pierres\",\"publisher\":{\"@id\":\"https:\/\/jaimegem.fr\/#organization\"},\"potentialAction\":[{\"@type\":\"SearchAction\",\"target\":{\"@type\":\"EntryPoint\",\"urlTemplate\":\"https:\/\/jaimegem.fr\/?s={search_term_string}\"},\"query-input\":\"required name=search_term_string\"}],\"inLanguage\":\"fr-FR\"},{\"@type\":\"Organization\",\"@id\":\"https:\/\/jaimegem.fr\/#organization\",\"name\":\"J&#039;aime Gem&#039;\",\"url\":\"https:\/\/jaimegem.fr\/\",\"logo\":{\"@type\":\"ImageObject\",\"inLanguage\":\"fr-FR\",\"@id\":\"https:\/\/jaimegem.fr\/#\/schema\/logo\/image\/\",\"url\":\"https:\/\/jaimegem.fr\/wp-content\/uploads\/2023\/04\/logo-jaimegem-header-2.png\",\"contentUrl\":\"https:\/\/jaimegem.fr\/wp-content\/uploads\/2023\/04\/logo-jaimegem-header-2.png\",\"width\":500,\"height\":129,\"caption\":\"J&#039;aime Gem&#039;\"},\"image\":{\"@id\":\"https:\/\/jaimegem.fr\/#\/schema\/logo\/image\/\"}}]}<\/script>\n<!-- \/ Yoast SEO plugin. -->","yoast_head_json":{"title":"Violet en d\u00e9grad\u00e9 - B.o - J&#039;aime Gem&#039;","robots":{"index":"index","follow":"follow","max-snippet":"max-snippet:-1","max-image-preview":"max-image-preview:large","max-video-preview":"max-video-preview:-1"},"canonical":"https:\/\/jaimegem.fr\/?product=violet-en-degrade-b-o","og_locale":"fr_FR","og_type":"article","og_title":"Violet en d\u00e9grad\u00e9 - B.o - J&#039;aime Gem&#039;","og_description":"Violet, rose pale, parme","og_url":"https:\/\/jaimegem.fr\/?product=violet-en-degrade-b-o","og_site_name":"J&#039;aime Gem&#039;","og_image":[{"width":1920,"height":2560,"url":"https:\/\/jaimegem.fr\/wp-content\/uploads\/2023\/05\/20230501_111436-scaled.jpg","type":"image\/jpeg"}],"twitter_card":"summary_large_image","schema":{"@context":"https:\/\/schema.org","@graph":[{"@type":"WebPage","@id":"https:\/\/jaimegem.fr\/?product=violet-en-degrade-b-o","url":"https:\/\/jaimegem.fr\/?product=violet-en-degrade-b-o","name":"Violet en d\u00e9grad\u00e9 - B.o - J&#039;aime Gem&#039;","isPartOf":{"@id":"https:\/\/jaimegem.fr\/#website"},"datePublished":"2023-05-01T16:08:26+00:00","dateModified":"2023-05-01T16:08:26+00:00","breadcrumb":{"@id":"https:\/\/jaimegem.fr\/?product=violet-en-degrade-b-o#breadcrumb"},"inLanguage":"fr-FR","potentialAction":[{"@type":"ReadAction","target":["https:\/\/jaimegem.fr\/?product=violet-en-degrade-b-o"]}]},{"@type":"BreadcrumbList","@id":"https:\/\/jaimegem.fr\/?product=violet-en-degrade-b-o#breadcrumb","itemListElement":[{"@type":"ListItem","position":1,"name":"Accueil","item":"https:\/\/jaimegem.fr\/"},{"@type":"ListItem","position":2,"name":"Boutique","item":"https:\/\/jaimegem.fr\/?page_id=6"},{"@type":"ListItem","position":3,"name":"Violet en d\u00e9grad\u00e9 &#8211; B.o"}]},{"@type":"WebSite","@id":"https:\/\/jaimegem.fr\/#website","url":"https:\/\/jaimegem.fr\/","name":"J&#039;aime Gem&#039;","description":"Par amour des pierres","publisher":{"@id":"https:\/\/jaimegem.fr\/#organization"},"potentialAction":[{"@type":"SearchAction","target":{"@type":"EntryPoint","urlTemplate":"https:\/\/jaimegem.fr\/?s={search_term_string}"},"query-input":"required name=search_term_string"}],"inLanguage":"fr-FR"},{"@type":"Organization","@id":"https:\/\/jaimegem.fr\/#organization","name":"J&#039;aime Gem&#039;","url":"https:\/\/jaimegem.fr\/","logo":{"@type":"ImageObject","inLanguage":"fr-FR","@id":"https:\/\/jaimegem.fr\/#\/schema\/logo\/image\/","url":"https:\/\/jaimegem.fr\/wp-content\/uploads\/2023\/04\/logo-jaimegem-header-2.png","contentUrl":"https:\/\/jaimegem.fr\/wp-content\/uploads\/2023\/04\/logo-jaimegem-header-2.png","width":500,"height":129,"caption":"J&#039;aime Gem&#039;"},"image":{"@id":"https:\/\/jaimegem.fr\/#\/schema\/logo\/image\/"}}]}},"_links":{"self":[{"href":"https:\/\/jaimegem.fr\/index.php?rest_route=\/wp\/v2\/product\/799","targetHints":{"allow":["GET"]}}],"collection":[{"href":"https:\/\/jaimegem.fr\/index.php?rest_route=\/wp\/v2\/product"}],"about":[{"href":"https:\/\/jaimegem.fr\/index.php?rest_route=\/wp\/v2\/types\/product"}],"wp:featuredmedia":[{"embeddable":true,"href":"https:\/\/jaimegem.fr\/index.php?rest_route=\/wp\/v2\/media\/800"}],"wp:attachment":[{"href":"https:\/\/jaimegem.fr\/index.php?rest_route=%2Fwp%2Fv2%2Fmedia&parent=799"}],"wp:term":[{"taxonomy":"product_cat","embeddable":true,"href":"https:\/\/jaimegem.fr\/index.php?rest_route=%2Fwp%2Fv2%2Fproduct_cat&post=799"},{"taxonomy":"product_tag","embeddable":true,"href":"https:\/\/jaimegem.fr\/index.php?rest_route=%2Fwp%2Fv2%2Fproduct_tag&post=799"}],"curies":[{"name":"wp","href":"https:\/\/api.w.org\/{rel}","templated":true}]}}