{"id":841,"date":"2023-05-29T11:48:27","date_gmt":"2023-05-29T09:48:27","guid":{"rendered":"https:\/\/jaimegem.fr\/?post_type=product&#038;p=841"},"modified":"2023-05-29T17:17:05","modified_gmt":"2023-05-29T15:17:05","slug":"riviere-ra-de-cou","status":"publish","type":"product","link":"https:\/\/jaimegem.fr\/?product=riviere-ra-de-cou","title":{"rendered":"Perles de rivi\u00e8re \u00ab\u00a0ras de cou\u00a0\u00bb"},"content":{"rendered":"<p>Ce collier est en perles de rivi\u00e8re espac\u00e9es de grenats. En remontant vers le fermoir en argent : 2 opales blanches facett\u00e9es, 1 labradorite , 4 opales jaunes, 1 labradorite, 1 quartz rose , 1 opale blanche facett\u00e9e, 2 quartz roses, 1 labradorite, 4 am\u00e9thyste facett\u00e9es, 2 p\u00e9ridots, 1 am\u00e9thyste facett\u00e9e, 1 grenat, 4 saphirs facett\u00e9s, 4 rubis facett\u00e9s. L&rsquo;ensemble est mont\u00e9 sur\u00a0 un fil de nylon. Le diam\u00e8tre des perles rondes ou facett\u00e9es est en moyenne de 0.4mm. <strong>La longueur du fil de 40cm<\/strong> est habill\u00e9e de perles sur 30cm.<\/p>\n","protected":false},"excerpt":{"rendered":"<p>Collier en perles de rivi\u00e8re , pierres fines et pierres pr\u00e9cieuses<\/p>\n","protected":false},"featured_media":847,"template":"","meta":[],"product_cat":[19],"product_tag":[],"class_list":{"0":"post-841","1":"product","2":"type-product","3":"status-publish","4":"has-post-thumbnail","6":"product_cat-colliers","8":"first","9":"instock","10":"sale","11":"taxable","12":"shipping-taxable","13":"purchasable","14":"product-type-simple"},"yoast_head":"<!-- This site is optimized with the Yoast SEO plugin v19.14 - https:\/\/yoast.com\/wordpress\/plugins\/seo\/ -->\n<title>Perles de rivi\u00e8re &quot;ras de cou&quot; - J&#039;aime Gem&#039;<\/title>\n<meta name=\"robots\" content=\"index, follow, max-snippet:-1, max-image-preview:large, max-video-preview:-1\" \/>\n<link rel=\"canonical\" href=\"http:\/\/jaimegem.fr\/?product=riviere-ra-de-cou\" \/>\n<meta property=\"og:locale\" content=\"fr_FR\" \/>\n<meta property=\"og:type\" content=\"article\" \/>\n<meta property=\"og:title\" content=\"Perles de rivi\u00e8re &quot;ras de cou&quot; - J&#039;aime Gem&#039;\" \/>\n<meta property=\"og:description\" content=\"Collier en perles de rivi\u00e8re , pierres fines et pierres pr\u00e9cieuses\" \/>\n<meta property=\"og:url\" content=\"http:\/\/jaimegem.fr\/?product=riviere-ra-de-cou\" \/>\n<meta property=\"og:site_name\" content=\"J&#039;aime Gem&#039;\" \/>\n<meta property=\"article:modified_time\" content=\"2023-05-29T15:17:05+00:00\" \/>\n<meta property=\"og:image\" content=\"http:\/\/jaimegem.fr\/wp-content\/uploads\/2023\/05\/20230529_164758-scaled.jpg\" \/>\n\t<meta property=\"og:image:width\" content=\"1920\" \/>\n\t<meta property=\"og:image:height\" content=\"2560\" \/>\n\t<meta property=\"og:image:type\" content=\"image\/jpeg\" \/>\n<meta name=\"twitter:card\" content=\"summary_large_image\" \/>\n<script type=\"application\/ld+json\" class=\"yoast-schema-graph\">{\"@context\":\"https:\/\/schema.org\",\"@graph\":[{\"@type\":\"WebPage\",\"@id\":\"http:\/\/jaimegem.fr\/?product=riviere-ra-de-cou\",\"url\":\"http:\/\/jaimegem.fr\/?product=riviere-ra-de-cou\",\"name\":\"Perles de rivi\u00e8re \\\"ras de cou\\\" - J&#039;aime Gem&#039;\",\"isPartOf\":{\"@id\":\"https:\/\/jaimegem.fr\/#website\"},\"datePublished\":\"2023-05-29T09:48:27+00:00\",\"dateModified\":\"2023-05-29T15:17:05+00:00\",\"breadcrumb\":{\"@id\":\"http:\/\/jaimegem.fr\/?product=riviere-ra-de-cou#breadcrumb\"},\"inLanguage\":\"fr-FR\",\"potentialAction\":[{\"@type\":\"ReadAction\",\"target\":[\"http:\/\/jaimegem.fr\/?product=riviere-ra-de-cou\"]}]},{\"@type\":\"BreadcrumbList\",\"@id\":\"http:\/\/jaimegem.fr\/?product=riviere-ra-de-cou#breadcrumb\",\"itemListElement\":[{\"@type\":\"ListItem\",\"position\":1,\"name\":\"Accueil\",\"item\":\"https:\/\/jaimegem.fr\/\"},{\"@type\":\"ListItem\",\"position\":2,\"name\":\"Boutique\",\"item\":\"https:\/\/jaimegem.fr\/?page_id=6\"},{\"@type\":\"ListItem\",\"position\":3,\"name\":\"Perles de rivi\u00e8re \u00ab\u00a0ras de cou\u00a0\u00bb\"}]},{\"@type\":\"WebSite\",\"@id\":\"https:\/\/jaimegem.fr\/#website\",\"url\":\"https:\/\/jaimegem.fr\/\",\"name\":\"J&#039;aime Gem&#039;\",\"description\":\"Par amour des pierres\",\"publisher\":{\"@id\":\"https:\/\/jaimegem.fr\/#organization\"},\"potentialAction\":[{\"@type\":\"SearchAction\",\"target\":{\"@type\":\"EntryPoint\",\"urlTemplate\":\"https:\/\/jaimegem.fr\/?s={search_term_string}\"},\"query-input\":\"required name=search_term_string\"}],\"inLanguage\":\"fr-FR\"},{\"@type\":\"Organization\",\"@id\":\"https:\/\/jaimegem.fr\/#organization\",\"name\":\"J&#039;aime Gem&#039;\",\"url\":\"https:\/\/jaimegem.fr\/\",\"logo\":{\"@type\":\"ImageObject\",\"inLanguage\":\"fr-FR\",\"@id\":\"https:\/\/jaimegem.fr\/#\/schema\/logo\/image\/\",\"url\":\"https:\/\/jaimegem.fr\/wp-content\/uploads\/2023\/04\/logo-jaimegem-header-2.png\",\"contentUrl\":\"https:\/\/jaimegem.fr\/wp-content\/uploads\/2023\/04\/logo-jaimegem-header-2.png\",\"width\":500,\"height\":129,\"caption\":\"J&#039;aime Gem&#039;\"},\"image\":{\"@id\":\"https:\/\/jaimegem.fr\/#\/schema\/logo\/image\/\"}}]}<\/script>\n<!-- \/ Yoast SEO plugin. -->","yoast_head_json":{"title":"Perles de rivi\u00e8re \"ras de cou\" - J&#039;aime Gem&#039;","robots":{"index":"index","follow":"follow","max-snippet":"max-snippet:-1","max-image-preview":"max-image-preview:large","max-video-preview":"max-video-preview:-1"},"canonical":"http:\/\/jaimegem.fr\/?product=riviere-ra-de-cou","og_locale":"fr_FR","og_type":"article","og_title":"Perles de rivi\u00e8re \"ras de cou\" - J&#039;aime Gem&#039;","og_description":"Collier en perles de rivi\u00e8re , pierres fines et pierres pr\u00e9cieuses","og_url":"http:\/\/jaimegem.fr\/?product=riviere-ra-de-cou","og_site_name":"J&#039;aime Gem&#039;","article_modified_time":"2023-05-29T15:17:05+00:00","og_image":[{"width":1920,"height":2560,"url":"http:\/\/jaimegem.fr\/wp-content\/uploads\/2023\/05\/20230529_164758-scaled.jpg","type":"image\/jpeg"}],"twitter_card":"summary_large_image","schema":{"@context":"https:\/\/schema.org","@graph":[{"@type":"WebPage","@id":"http:\/\/jaimegem.fr\/?product=riviere-ra-de-cou","url":"http:\/\/jaimegem.fr\/?product=riviere-ra-de-cou","name":"Perles de rivi\u00e8re \"ras de cou\" - J&#039;aime Gem&#039;","isPartOf":{"@id":"https:\/\/jaimegem.fr\/#website"},"datePublished":"2023-05-29T09:48:27+00:00","dateModified":"2023-05-29T15:17:05+00:00","breadcrumb":{"@id":"http:\/\/jaimegem.fr\/?product=riviere-ra-de-cou#breadcrumb"},"inLanguage":"fr-FR","potentialAction":[{"@type":"ReadAction","target":["http:\/\/jaimegem.fr\/?product=riviere-ra-de-cou"]}]},{"@type":"BreadcrumbList","@id":"http:\/\/jaimegem.fr\/?product=riviere-ra-de-cou#breadcrumb","itemListElement":[{"@type":"ListItem","position":1,"name":"Accueil","item":"https:\/\/jaimegem.fr\/"},{"@type":"ListItem","position":2,"name":"Boutique","item":"https:\/\/jaimegem.fr\/?page_id=6"},{"@type":"ListItem","position":3,"name":"Perles de rivi\u00e8re \u00ab\u00a0ras de cou\u00a0\u00bb"}]},{"@type":"WebSite","@id":"https:\/\/jaimegem.fr\/#website","url":"https:\/\/jaimegem.fr\/","name":"J&#039;aime Gem&#039;","description":"Par amour des pierres","publisher":{"@id":"https:\/\/jaimegem.fr\/#organization"},"potentialAction":[{"@type":"SearchAction","target":{"@type":"EntryPoint","urlTemplate":"https:\/\/jaimegem.fr\/?s={search_term_string}"},"query-input":"required name=search_term_string"}],"inLanguage":"fr-FR"},{"@type":"Organization","@id":"https:\/\/jaimegem.fr\/#organization","name":"J&#039;aime Gem&#039;","url":"https:\/\/jaimegem.fr\/","logo":{"@type":"ImageObject","inLanguage":"fr-FR","@id":"https:\/\/jaimegem.fr\/#\/schema\/logo\/image\/","url":"https:\/\/jaimegem.fr\/wp-content\/uploads\/2023\/04\/logo-jaimegem-header-2.png","contentUrl":"https:\/\/jaimegem.fr\/wp-content\/uploads\/2023\/04\/logo-jaimegem-header-2.png","width":500,"height":129,"caption":"J&#039;aime Gem&#039;"},"image":{"@id":"https:\/\/jaimegem.fr\/#\/schema\/logo\/image\/"}}]}},"_links":{"self":[{"href":"https:\/\/jaimegem.fr\/index.php?rest_route=\/wp\/v2\/product\/841","targetHints":{"allow":["GET"]}}],"collection":[{"href":"https:\/\/jaimegem.fr\/index.php?rest_route=\/wp\/v2\/product"}],"about":[{"href":"https:\/\/jaimegem.fr\/index.php?rest_route=\/wp\/v2\/types\/product"}],"wp:featuredmedia":[{"embeddable":true,"href":"https:\/\/jaimegem.fr\/index.php?rest_route=\/wp\/v2\/media\/847"}],"wp:attachment":[{"href":"https:\/\/jaimegem.fr\/index.php?rest_route=%2Fwp%2Fv2%2Fmedia&parent=841"}],"wp:term":[{"taxonomy":"product_cat","embeddable":true,"href":"https:\/\/jaimegem.fr\/index.php?rest_route=%2Fwp%2Fv2%2Fproduct_cat&post=841"},{"taxonomy":"product_tag","embeddable":true,"href":"https:\/\/jaimegem.fr\/index.php?rest_route=%2Fwp%2Fv2%2Fproduct_tag&post=841"}],"curies":[{"name":"wp","href":"https:\/\/api.w.org\/{rel}","templated":true}]}}